{"id":24,"date":"2019-10-30T08:04:10","date_gmt":"2019-10-30T08:04:10","guid":{"rendered":"https:\/\/demo.casethemes.net\/consultio-agency\/?page_id=24"},"modified":"2026-03-04T16:29:32","modified_gmt":"2026-03-04T16:29:32","slug":"contact","status":"publish","type":"page","link":"https:\/\/essentiabusiness.com\/?page_id=24","title":{"rendered":"Contact"},"content":{"rendered":"\t\t<div data-elementor-type=\"wp-page\" data-elementor-id=\"24\" class=\"elementor elementor-24\" data-elementor-post-type=\"page\">\n\t\t\t\t        <section class=\"elementor-section elementor-top-section elementor-element elementor-element-99fbaeb elementor-section-boxed elementor-section-height-default elementor-section-height-default ct-header-fixed-none ct-row-max-none\" data-id=\"99fbaeb\" data-element_type=\"section\" data-e-type=\"section\">\n            \n                        <div class=\"elementor-container elementor-column-gap-extended \">\n                    <div class=\"elementor-column elementor-col-33 elementor-top-column elementor-element elementor-element-e818542\" data-id=\"e818542\" data-element_type=\"column\" data-e-type=\"column\">\n        <div class=\"elementor-widget-wrap elementor-element-populated\">\n                    \n        \r\n\t\t<div class=\"elementor-element elementor-element-c8a2f48 elementor-widget elementor-widget-ct_fancy_box\" data-id=\"c8a2f48\" data-element_type=\"widget\" data-e-type=\"widget\" data-widget_type=\"ct_fancy_box.default\">\n\t\t\t\t<div class=\"elementor-widget-container\">\n\t\t\t\t\t<div class=\"ct-fancy-box ct-fancy-box-layout6  style-1\" data-wow-delay=\"ms\">\r\n            <div class=\"item--icon\">\r\n            <i aria-hidden=\"true\" class=\"fas fa-map-marker-alt\"><\/i>        <\/div>\r\n            <div class=\"item--holder\">\r\n        <h3 class=\"item--title\">\r\n            Nosso Endere\u00e7o         <\/h3>\r\n        <div class=\"item--description\">SHS QUADRA 6 CONJUNTO A BLOCO A, ED.BRASIL 21, S\/N - Sala 501\nBras\u00edlia, DF - Brasil\n<\/div>\r\n    <\/div>\r\n            <a class=\"item--link\" href=\"#\"><\/a>\r\n    <\/div>\t\t\t\t<\/div>\n\t\t\t\t<\/div>\n\t\t\t\t<div class=\"elementor-element elementor-element-f503627 elementor-widget elementor-widget-spacer\" data-id=\"f503627\" data-element_type=\"widget\" data-e-type=\"widget\" data-widget_type=\"spacer.default\">\n\t\t\t\t\t\t\t<div class=\"elementor-spacer\">\n\t\t\t<div class=\"elementor-spacer-inner\"><\/div>\n\t\t<\/div>\n\t\t\t\t\t\t<\/div>\n\t\t            <\/div>\n        <\/div>\n                <div class=\"elementor-column elementor-col-33 elementor-top-column elementor-element elementor-element-d5f3e79\" data-id=\"d5f3e79\" data-element_type=\"column\" data-e-type=\"column\">\n        <div class=\"elementor-widget-wrap elementor-element-populated\">\n                    \n        \t\t<div class=\"elementor-element elementor-element-9e16110 elementor-widget elementor-widget-ct_fancy_box\" data-id=\"9e16110\" data-element_type=\"widget\" data-e-type=\"widget\" data-widget_type=\"ct_fancy_box.default\">\n\t\t\t\t<div class=\"elementor-widget-container\">\n\t\t\t\t\t<div class=\"ct-fancy-box ct-fancy-box-layout6  style-1\" data-wow-delay=\"ms\">\r\n            <div class=\"item--icon\">\r\n            <i aria-hidden=\"true\" class=\"fas fa-phone-alt\"><\/i>        <\/div>\r\n            <div class=\"item--holder\">\r\n        <h3 class=\"item--title\">\r\n            Nossos Contatos         <\/h3>\r\n        <div class=\"item--description\">+55 61 99865-7079 <br>+55 61 99516-6310<\/div>\r\n    <\/div>\r\n            <a class=\"item--link\" href=\"#\"><\/a>\r\n    <\/div>\t\t\t\t<\/div>\n\t\t\t\t<\/div>\n\t\t            <\/div>\n        <\/div>\n                <div class=\"elementor-column elementor-col-33 elementor-top-column elementor-element elementor-element-729a4d3\" data-id=\"729a4d3\" data-element_type=\"column\" data-e-type=\"column\">\n        <div class=\"elementor-widget-wrap elementor-element-populated\">\n                    \n        \t\t<div class=\"elementor-element elementor-element-485cc85 elementor-widget elementor-widget-ct_fancy_box\" data-id=\"485cc85\" data-element_type=\"widget\" data-e-type=\"widget\" data-widget_type=\"ct_fancy_box.default\">\n\t\t\t\t<div class=\"elementor-widget-container\">\n\t\t\t\t\t<div class=\"ct-fancy-box ct-fancy-box-layout6  style-1\" data-wow-delay=\"ms\">\r\n            <div class=\"item--icon\">\r\n            <i aria-hidden=\"true\" class=\"fas fa-envelope\"><\/i>        <\/div>\r\n            <div class=\"item--holder\">\r\n        <h3 class=\"item--title\">\r\n            Nosso email:        <\/h3>\r\n        <div class=\"item--description\">contato@essentiabusiness.com<br\/>\n<\/div>\r\n    <\/div>\r\n            <a class=\"item--link\" href=\"#\"><\/a>\r\n    <\/div>\t\t\t\t<\/div>\n\t\t\t\t<\/div>\n\t\t            <\/div>\n        <\/div>\n                    <\/div>\n        <\/section>\n                <section class=\"elementor-section elementor-top-section elementor-element elementor-element-d8bdc5a elementor-section-boxed elementor-section-height-default elementor-section-height-default ct-header-fixed-none ct-row-max-none\" data-id=\"d8bdc5a\" data-element_type=\"section\" data-e-type=\"section\">\n            \n                        <div class=\"elementor-container elementor-column-gap-extended \">\n                    <div class=\"elementor-column elementor-col-50 elementor-top-column elementor-element elementor-element-13f51f0\" data-id=\"13f51f0\" data-element_type=\"column\" data-e-type=\"column\">\n        <div class=\"elementor-widget-wrap elementor-element-populated\">\n                    \n        \t\t<div class=\"elementor-element elementor-element-091ca2d elementor-widget elementor-widget-spacer\" data-id=\"091ca2d\" data-element_type=\"widget\" data-e-type=\"widget\" data-widget_type=\"spacer.default\">\n\t\t\t\t\t\t\t<div class=\"elementor-spacer\">\n\t\t\t<div class=\"elementor-spacer-inner\"><\/div>\n\t\t<\/div>\n\t\t\t\t\t\t<\/div>\n\t\t\t\t<div class=\"elementor-element elementor-element-12c802c elementor-absolute elementor-widget elementor-widget-image\" data-id=\"12c802c\" data-element_type=\"widget\" data-e-type=\"widget\" data-settings=\"{&quot;_position&quot;:&quot;absolute&quot;}\" data-widget_type=\"image.default\">\n\t\t\t\t\t\t\t\t\t\t\t\t\t\t\t<img fetchpriority=\"high\" decoding=\"async\" width=\"1280\" height=\"853\" src=\"https:\/\/essentiabusiness.com\/wp-content\/uploads\/2026\/03\/Logo-essentia-B.png\" class=\"attachment-full size-full wp-image-5731\" alt=\"\" srcset=\"https:\/\/essentiabusiness.com\/wp-content\/uploads\/2026\/03\/Logo-essentia-B.png 1280w, https:\/\/essentiabusiness.com\/wp-content\/uploads\/2026\/03\/Logo-essentia-B-300x200.png 300w, https:\/\/essentiabusiness.com\/wp-content\/uploads\/2026\/03\/Logo-essentia-B-1024x682.png 1024w, https:\/\/essentiabusiness.com\/wp-content\/uploads\/2026\/03\/Logo-essentia-B-768x512.png 768w, https:\/\/essentiabusiness.com\/wp-content\/uploads\/2026\/03\/Logo-essentia-B-600x400.png 600w\" sizes=\"(max-width: 1280px) 100vw, 1280px\" \/>\t\t\t\t\t\t\t\t\t\t\t\t\t\t\t<\/div>\n\t\t            <\/div>\n        <\/div>\n                <div class=\"elementor-column elementor-col-50 elementor-top-column elementor-element elementor-element-4c2fc51\" data-id=\"4c2fc51\" data-element_type=\"column\" data-e-type=\"column\">\n        <div class=\"elementor-widget-wrap elementor-element-populated\">\n                    \n        \t\t<div class=\"elementor-element elementor-element-d6bfcba elementor-widget elementor-widget-ct_heading\" data-id=\"d6bfcba\" data-element_type=\"widget\" data-e-type=\"widget\" data-widget_type=\"ct_heading.default\">\n\t\t\t\t<div class=\"elementor-widget-container\">\n\t\t\t\t\t<div id=\"ct_heading-d6bfcba\" class=\"ct-heading h-align- sub- ct-heading-left item-st-line-top1\">\r\n    <div class=\"ct-item--inner\">\r\n        <div class=\"ct-inline-css\" data-css=\"\r\n            \">\r\n        <\/div>\r\n                <h3 class=\"item--title st-line-top1 case-animate-time\" data-wow-delay=\"ms\">\r\n                            <div class=\"ct-heading-divider\"><span><\/span><\/div>\r\n                        <span class=\"sp-main\">\r\n                \r\n                Precisa de mais informa\u00e7\u00f5es, entre em contato atrav\u00e9s do nosso formul\u00e1rio. \r\n                \r\n                            <\/span>\r\n                    <\/h3>\r\n    <\/div>\r\n<\/div>\t\t\t\t<\/div>\n\t\t\t\t<\/div>\n\t\t\t\t<div class=\"elementor-element elementor-element-0f30a93 elementor-widget elementor-widget-text-editor\" data-id=\"0f30a93\" data-element_type=\"widget\" data-e-type=\"widget\" data-widget_type=\"text-editor.default\">\n\t\t\t\t\t\t\t\t\t<p>N\u00f3s respeitamos seus dados e n\u00e3o compartilhamos*<\/p>\t\t\t\t\t\t\t\t<\/div>\n\t\t\t\t<div class=\"elementor-element elementor-element-f409baa elementor-widget elementor-widget-ct_ctf7\" data-id=\"f409baa\" data-element_type=\"widget\" data-e-type=\"widget\" data-widget_type=\"ct_ctf7.default\">\n\t\t\t\t<div class=\"elementor-widget-container\">\n\t\t\t\t\t    <div class=\"ct-contact-form-layout1 style8 \">\r\n                <div class=\"ct-contact-form-inner\">\r\n        \t            <div class=\"ct-contact-form\">\r\n                \n<div class=\"wpcf7 no-js\" id=\"wpcf7-f91-o1\" lang=\"en-US\" dir=\"ltr\" data-wpcf7-id=\"91\">\n<div class=\"screen-reader-response\"><p role=\"status\" aria-live=\"polite\" aria-atomic=\"true\"><\/p> <ul><\/ul><\/div>\n<form action=\"\/index.php?rest_route=%2Fwp%2Fv2%2Fpages%2F24#wpcf7-f91-o1\" method=\"post\" class=\"wpcf7-form init cf7mls-no-scroll cf7mls-auto-return-first-step cf7mls-no-moving-animation\" aria-label=\"Contact form\" novalidate=\"novalidate\" data-status=\"init\">\n<fieldset class=\"hidden-fields-container\"><input type=\"hidden\" name=\"_wpcf7\" value=\"91\" \/><input type=\"hidden\" name=\"_wpcf7_version\" value=\"6.1.5\" \/><input type=\"hidden\" name=\"_wpcf7_locale\" value=\"en_US\" \/><input type=\"hidden\" name=\"_wpcf7_unit_tag\" value=\"wpcf7-f91-o1\" \/><input type=\"hidden\" name=\"_wpcf7_container_post\" value=\"0\" \/><input type=\"hidden\" name=\"_wpcf7_posted_data_hash\" value=\"\" \/>\n<\/fieldset>\n<div class=\"input-filled\">\n\t<p><span class=\"wpcf7-form-control-wrap\" data-name=\"your-name\"><input size=\"40\" maxlength=\"400\" class=\"wpcf7-form-control wpcf7-text wpcf7-validates-as-required\" aria-required=\"true\" aria-invalid=\"false\" placeholder=\"Seu nome*\" value=\"\" type=\"text\" name=\"your-name\" \/><\/span>\n\t<\/p>\n<\/div>\n<div class=\"input-filled\">\n\t<p><span class=\"wpcf7-form-control-wrap\" data-name=\"your-email\"><input size=\"40\" maxlength=\"400\" class=\"wpcf7-form-control wpcf7-email wpcf7-validates-as-required wpcf7-text wpcf7-validates-as-email\" aria-required=\"true\" aria-invalid=\"false\" placeholder=\"Seu email*\" value=\"\" type=\"email\" name=\"your-email\" \/><\/span>\n\t<\/p>\n<\/div>\n<div class=\"input-filled\">\n\t<p><span class=\"wpcf7-form-control-wrap\" data-name=\"your-phone\"><input size=\"40\" maxlength=\"400\" class=\"wpcf7-form-control wpcf7-text wpcf7-validates-as-required\" aria-required=\"true\" aria-invalid=\"false\" placeholder=\"Telefone*\" value=\"\" type=\"text\" name=\"your-phone\" \/><\/span>\n\t<\/p>\n<\/div>\n<div class=\"input-filled\">\n\t<p><span class=\"wpcf7-form-control-wrap\" data-name=\"your-subject\"><select class=\"wpcf7-form-control wpcf7-select wpcf7-validates-as-required\" aria-required=\"true\" aria-invalid=\"false\" name=\"your-subject\"><option value=\"Assunto\">Assunto<\/option><option value=\"Business e Estrat\u00e9gias\">Business e Estrat\u00e9gias<\/option><option value=\"RH e NR1\">RH e NR1<\/option><option value=\"Energias Renov\u00e1veis\">Energias Renov\u00e1veis<\/option><option value=\"Terceiro Setor\">Terceiro Setor<\/option><\/select><\/span>\n\t<\/p>\n<\/div>\n<div class=\"input-filled\">\n\t<p><button type=\"submit\" class=\"wpcf7-submit btn btn-block\"><i class=\"fac fac-check-circle space-right\"><\/i>Enviar Agora<\/button>\n\t<\/p>\n<\/div><div class=\"wpcf7-response-output\" aria-hidden=\"true\"><\/div>\n<\/form>\n<\/div>\n            <\/div>\r\n        <\/div>\r\n            <\/div>\r\n\t\t\t\t<\/div>\n\t\t\t\t<\/div>\n\t\t            <\/div>\n        <\/div>\n                    <\/div>\n        <\/section>\n                <section class=\"elementor-section elementor-top-section elementor-element elementor-element-f45914f elementor-section-full_width elementor-section-height-default elementor-section-height-default ct-header-fixed-none ct-row-max-none\" data-id=\"f45914f\" data-element_type=\"section\" data-e-type=\"section\" data-settings=\"{&quot;background_background&quot;:&quot;classic&quot;}\">\n            \n                        <div class=\"elementor-container elementor-column-gap-default \">\n                    <div class=\"elementor-column elementor-col-100 elementor-top-column elementor-element elementor-element-02ac17c\" data-id=\"02ac17c\" data-element_type=\"column\" data-e-type=\"column\">\n        <div class=\"elementor-widget-wrap elementor-element-populated\">\n                    \n        \t\t<div class=\"elementor-element elementor-element-74dccb2 elementor-widget elementor-widget-text-editor\" data-id=\"74dccb2\" data-element_type=\"widget\" data-e-type=\"widget\" data-widget_type=\"text-editor.default\">\n\t\t\t\t\t\t\t\t\t<p style=\"text-align: center; font-family: 'Outfit',sans-serif; font-size: 11px; font-weight: 600; letter-spacing: 0.3em; text-transform: uppercase; color: #7a8ba8;\">Ecossistema Essentia &amp; Parceiros Estrat\u00e9gicos<\/p>\t\t\t\t\t\t\t\t<\/div>\n\t\t\t\t<div class=\"elementor-element elementor-element-367fb47 elementor-widget elementor-widget-ct_clients_list\" data-id=\"367fb47\" data-element_type=\"widget\" data-e-type=\"widget\" data-widget_type=\"ct_clients_list.default\">\n\t\t\t\t<div class=\"elementor-widget-container\">\n\t\t\t\t\t    <div class=\"ct-client1 ct-slick-slider style4\">\r\n        <div class=\"ct-clients-list-inner\">\r\n            <div class=\"ct-slick-carousel\" data-arrows=\"\" data-dots=\"\" data-pauseOnHover=\"\" data-autoplay=\"true\" data-autoplaySpeed=\"5000\" data-infinite=\"true\" data-speed=\"500\" data-colxs=\"2\" data-colsm=\"3\" data-colmd=\"4\" data-collg=\"4\" data-colxl=\"5\" data-dir=\"false\" data-slidesToScroll=\"1\">\r\n                                        <div class=\"slick-slide\">\r\n                            <div class=\"client-image \">\r\n                                <a href=\"https:\/\/www.inees.com.br\/\" target=\"_blank\">\r\n                                    <img decoding=\"async\" width=\"669\" height=\"177\" src=\"https:\/\/essentiabusiness.com\/wp-content\/uploads\/2026\/03\/ineesparceria.png\" class=\"ct-thumb-1 attachment-full\" alt=\"\" \/>                                                                            <img decoding=\"async\" width=\"669\" height=\"177\" src=\"https:\/\/essentiabusiness.com\/wp-content\/uploads\/2026\/03\/ineesparceria.png\" class=\"ct-thumb-2 attachment-full\" alt=\"\" \/>                                                                    <\/a>\r\n                            <\/div>\r\n                        <\/div>\r\n                                                            <div class=\"slick-slide\">\r\n                            <div class=\"client-image \">\r\n                                <a href=\"https:\/\/www.ceventos.com.br\/\" target=\"_blank\">\r\n                                    <img loading=\"lazy\" decoding=\"async\" width=\"669\" height=\"177\" src=\"https:\/\/essentiabusiness.com\/wp-content\/uploads\/2026\/03\/central-parceiro.png\" class=\"ct-thumb-1 attachment-full\" alt=\"\" \/>                                                                            <img loading=\"lazy\" decoding=\"async\" width=\"669\" height=\"177\" src=\"https:\/\/essentiabusiness.com\/wp-content\/uploads\/2026\/03\/central-parceiro.png\" class=\"ct-thumb-2 attachment-full\" alt=\"\" \/>                                                                    <\/a>\r\n                            <\/div>\r\n                        <\/div>\r\n                                                            <div class=\"slick-slide\">\r\n                            <div class=\"client-image \">\r\n                                <a href=\"https:\/\/lp.fullcharge.com.br\/\" target=\"_blank\">\r\n                                    <img loading=\"lazy\" decoding=\"async\" width=\"669\" height=\"177\" src=\"https:\/\/essentiabusiness.com\/wp-content\/uploads\/2026\/03\/fullparceiro-azull.png\" class=\"ct-thumb-1 attachment-full\" alt=\"\" \/>                                                                            <img loading=\"lazy\" decoding=\"async\" width=\"669\" height=\"177\" src=\"https:\/\/essentiabusiness.com\/wp-content\/uploads\/2026\/03\/fullparceiro-azull.png\" class=\"ct-thumb-2 attachment-full\" alt=\"\" \/>                                                                    <\/a>\r\n                            <\/div>\r\n                        <\/div>\r\n                                                            <div class=\"slick-slide\">\r\n                            <div class=\"client-image \">\r\n                                <a href=\"https:\/\/igenergia.com.br\/\" target=\"_blank\">\r\n                                    <img loading=\"lazy\" decoding=\"async\" width=\"669\" height=\"177\" src=\"https:\/\/essentiabusiness.com\/wp-content\/uploads\/2026\/03\/IG-Parceiro.png\" class=\"ct-thumb-1 attachment-full\" alt=\"\" \/>                                                                            <img loading=\"lazy\" decoding=\"async\" width=\"669\" height=\"177\" src=\"https:\/\/essentiabusiness.com\/wp-content\/uploads\/2026\/03\/IG-Parceiro.png\" class=\"ct-thumb-2 attachment-full\" alt=\"\" \/>                                                                    <\/a>\r\n                            <\/div>\r\n                        <\/div>\r\n                                                            <div class=\"slick-slide\">\r\n                            <div class=\"client-image \">\r\n                                <a href=\"https:\/\/essentiabusiness.com\/?page_id=5670\" target=\"_blank\">\r\n                                    <img loading=\"lazy\" decoding=\"async\" width=\"669\" height=\"177\" src=\"https:\/\/essentiabusiness.com\/wp-content\/uploads\/2026\/03\/essentia-clinica-parceria.png\" class=\"ct-thumb-1 attachment-full\" alt=\"\" \/>                                                                            <img loading=\"lazy\" decoding=\"async\" width=\"669\" height=\"177\" src=\"https:\/\/essentiabusiness.com\/wp-content\/uploads\/2026\/03\/essentia-clinica-parceria.png\" class=\"ct-thumb-2 attachment-full\" alt=\"\" \/>                                                                    <\/a>\r\n                            <\/div>\r\n                        <\/div>\r\n                                                            <div class=\"slick-slide\">\r\n                            <div class=\"client-image \">\r\n                                <a href=\"https:\/\/essentiabusiness.com\/?page_id=5698\" target=\"_blank\">\r\n                                    <img loading=\"lazy\" decoding=\"async\" width=\"669\" height=\"177\" src=\"https:\/\/essentiabusiness.com\/wp-content\/uploads\/2026\/03\/solares-parceiro.png\" class=\"ct-thumb-1 attachment-full\" alt=\"\" \/>                                                                            <img loading=\"lazy\" decoding=\"async\" width=\"669\" height=\"177\" src=\"https:\/\/essentiabusiness.com\/wp-content\/uploads\/2026\/03\/solares-parceiro.png\" class=\"ct-thumb-2 attachment-full\" alt=\"\" \/>                                                                    <\/a>\r\n                            <\/div>\r\n                        <\/div>\r\n                                                <\/div>\r\n        <\/div>\r\n    <\/div>\r\n\t\t\t\t<\/div>\n\t\t\t\t<\/div>\n\t\t            <\/div>\n        <\/div>\n                    <\/div>\n        <\/section>\n        \t\t<\/div>\n\t\t","protected":false},"excerpt":{"rendered":"<p>Nosso Endere\u00e7o SHS QUADRA 6 CONJUNTO A BLOCO A, ED.BRASIL 21, S\/N &#8211; Sala 501 Bras\u00edlia, DF &#8211; Brasil Nossos Contatos +55 61 99865-7079 +55 61 99516-6310 Nosso email: contato@essentiabusiness.com Precisa de mais informa\u00e7\u00f5es, entre em contato atrav\u00e9s do nosso formul\u00e1rio. N\u00f3s respeitamos seus dados e n\u00e3o compartilhamos* SubjectSuccess fullfillStartUp businessLeadership workBusiness Growth Consult today [&hellip;]<\/p>\n","protected":false},"author":1,"featured_media":0,"parent":0,"menu_order":0,"comment_status":"closed","ping_status":"closed","template":"","meta":{"_acf_changed":false,"inline_featured_image":false,"footnotes":""},"class_list":["post-24","page","type-page","status-publish","hentry"],"acf":[],"aioseo_notices":[],"_links":{"self":[{"href":"https:\/\/essentiabusiness.com\/index.php?rest_route=\/wp\/v2\/pages\/24","targetHints":{"allow":["GET"]}}],"collection":[{"href":"https:\/\/essentiabusiness.com\/index.php?rest_route=\/wp\/v2\/pages"}],"about":[{"href":"https:\/\/essentiabusiness.com\/index.php?rest_route=\/wp\/v2\/types\/page"}],"author":[{"embeddable":true,"href":"https:\/\/essentiabusiness.com\/index.php?rest_route=\/wp\/v2\/users\/1"}],"replies":[{"embeddable":true,"href":"https:\/\/essentiabusiness.com\/index.php?rest_route=%2Fwp%2Fv2%2Fcomments&post=24"}],"version-history":[{"count":6,"href":"https:\/\/essentiabusiness.com\/index.php?rest_route=\/wp\/v2\/pages\/24\/revisions"}],"predecessor-version":[{"id":5873,"href":"https:\/\/essentiabusiness.com\/index.php?rest_route=\/wp\/v2\/pages\/24\/revisions\/5873"}],"wp:attachment":[{"href":"https:\/\/essentiabusiness.com\/index.php?rest_route=%2Fwp%2Fv2%2Fmedia&parent=24"}],"curies":[{"name":"wp","href":"https:\/\/api.w.org\/{rel}","templated":true}]}}