{"id":132,"date":"2019-11-02T02:33:10","date_gmt":"2019-11-02T02:33:10","guid":{"rendered":"https:\/\/demo.casethemes.net\/consultio-agency\/?page_id=132"},"modified":"2026-03-04T16:05:00","modified_gmt":"2026-03-04T16:05:00","slug":"blog-standard","status":"publish","type":"page","link":"https:\/\/essentiabusiness.com\/?page_id=132","title":{"rendered":"Essentia Blog"},"content":{"rendered":"\t\t<div data-elementor-type=\"wp-page\" data-elementor-id=\"132\" class=\"elementor elementor-132\" data-elementor-post-type=\"page\">\n\t\t\t\t<div class=\"elementor-element elementor-element-9125758 e-con-full e-flex e-con e-parent\" data-id=\"9125758\" data-element_type=\"container\" data-e-type=\"container\">\n\t\t\r\n\t\t<div class=\"elementor-element elementor-element-db2ff0b elementor-widget elementor-widget-elementskit-blog-posts\" data-id=\"db2ff0b\" data-element_type=\"widget\" data-e-type=\"widget\" data-widget_type=\"elementskit-blog-posts.default\">\n\t\t\t\t\t<div class=\"ekit-wid-con\" >        <div id=\"post-items--db2ff0b\" class=\"row post-items\">\n                    <div class=\"col-lg-4 col-md-6\">\n\n                                    <div class=\"elementskit-post-image-card\">\n                        <div class=\"elementskit-entry-header\">\n                                                            <a href=\"https:\/\/essentiabusiness.com\/?p=5912\" class=\"elementskit-entry-thumb\">\n                                    <img decoding=\"async\" src=\"https:\/\/essentiabusiness.com\/wp-content\/uploads\/2026\/03\/rh-estratc3a9gico.png\" alt=\"O Cora\u00e7\u00e3o da Opera\u00e7\u00e3o: Por que um RH Bem Estruturado \u00e9 o Diferencial Competitivo das Empresas de Sucesso\">\n                                <\/a><!-- .elementskit-entry-thumb END -->\n                                                            \n                            \n\t\t\t\t\t\t\t\t\t\t\t\t\t<\/div><!-- .elementskit-entry-header END -->\n\n\t\t\t\t\t\t<div class=\"elementskit-post-body \">\n\t\t\t\t\t\t\t\n\t\t\t\t\t\t\t\t\t\t\t\t\t\t\t\t\t\t\t\t\t\t\t\t\t\t\t\t\t\t\n\t\t\t\t\t\t\t\t\n\t\t\t\t\t\t\t\t\t\t\t\t\t\t\t\t\t\t\t\t\t<h2 class=\"entry-title\">\n\t\t\t\t\t<a href=\"https:\/\/essentiabusiness.com\/?p=5912\">\n\t\t\t\t\t\tO Cora\u00e7\u00e3o da Opera\u00e7\u00e3o: Por que um RH Bem Estruturado \u00e9 o Diferencial Competitivo das Empresas de Sucesso\t\t\t\t\t<\/a>\n\t\t\t\t<\/h2>\n\t\t\t\t\t\t\t\t\t\t\t\t\t\t\t\t\t\t\t\t\t\t\t\t\t\t\t\t\t\t\t\t\t\t\t\t\t\t\t\t\t\t<p>No mundo corporativo moderno, existe um ditado que se torna cada vez mais absoluto: empresas s\u00e3o feitas de pessoas. No entanto, muitas organiza\u00e7\u00f5es ainda cometem o erro estrat\u00e9gico de enxergar o Departamento Pessoal e o setor de Recursos Humanos apenas como centros de custo ou \u00f3rg\u00e3os meramente burocr\u00e1ticos. Um RH bem estruturado n\u00e3o serve apenas [&hellip;]<\/p>\n\t\t\t\t\t\t\t\t\t\t\t\t\t\t\t\t\t\t\t\t\t\t                                                            <div class=\"btn-wraper\">\n                                    \n                                                                            <a class=\"elementskit-btn whitespace--normal\" id=\"\" href=\"https:\/\/essentiabusiness.com\/?p=5912\">\n                                        \t                                            Leia Mais                                        <\/a>\n                                                                    <\/div>\n                                                    <\/div><!-- .elementskit-post-body END -->\n                    <\/div>\n                \n            <\/div>\n                    <div class=\"col-lg-4 col-md-6\">\n\n                                    <div class=\"elementskit-post-image-card\">\n                        <div class=\"elementskit-entry-header\">\n                                                            <a href=\"https:\/\/essentiabusiness.com\/?p=5907\" class=\"elementskit-entry-thumb\">\n                                    <img decoding=\"async\" src=\"https:\/\/essentiabusiness.com\/wp-content\/uploads\/2026\/03\/download-1.jpeg\" alt=\"O Pilar da Transforma\u00e7\u00e3o Social: A Relev\u00e2ncia do Terceiro Setor e a Urg\u00eancia da Profissionaliza\u00e7\u00e3o Institucional\">\n                                <\/a><!-- .elementskit-entry-thumb END -->\n                                                            \n                            \n\t\t\t\t\t\t\t\t\t\t\t\t\t<\/div><!-- .elementskit-entry-header END -->\n\n\t\t\t\t\t\t<div class=\"elementskit-post-body \">\n\t\t\t\t\t\t\t\n\t\t\t\t\t\t\t\t\t\t\t\t\t\t\t\t\t\t\t\t\t\t\t\t\t\t\t\t\t\t\n\t\t\t\t\t\t\t\t\n\t\t\t\t\t\t\t\t\t\t\t\t\t\t\t\t\t\t\t\t\t<h2 class=\"entry-title\">\n\t\t\t\t\t<a href=\"https:\/\/essentiabusiness.com\/?p=5907\">\n\t\t\t\t\t\tO Pilar da Transforma\u00e7\u00e3o Social: A Relev\u00e2ncia do Terceiro Setor e a Urg\u00eancia da Profissionaliza\u00e7\u00e3o Institucional\t\t\t\t\t<\/a>\n\t\t\t\t<\/h2>\n\t\t\t\t\t\t\t\t\t\t\t\t\t\t\t\t\t\t\t\t\t\t\t\t\t\t\t\t\t\t\t\t\t\t\t\t\t\t\t\t\t\t<p>O Terceiro Setor brasileiro deixou de ser, h\u00e1 muito tempo, um conjunto de iniciativas isoladas e puramente assistencialistas para se tornar um dos pilares fundamentais do desenvolvimento socioecon\u00f4mico do pa\u00eds. Composto por organiza\u00e7\u00f5es da sociedade civil (OSCs), associa\u00e7\u00f5es, funda\u00e7\u00f5es e entidades filantr\u00f3picas, esse ecossistema atua onde o Estado muitas vezes n\u00e3o consegue chegar e onde [&hellip;]<\/p>\n\t\t\t\t\t\t\t\t\t\t\t\t\t\t\t\t\t\t\t\t\t\t                                                            <div class=\"btn-wraper\">\n                                    \n                                                                            <a class=\"elementskit-btn whitespace--normal\" id=\"\" href=\"https:\/\/essentiabusiness.com\/?p=5907\">\n                                        \t                                            Leia Mais                                        <\/a>\n                                                                    <\/div>\n                                                    <\/div><!-- .elementskit-post-body END -->\n                    <\/div>\n                \n            <\/div>\n                    <div class=\"col-lg-4 col-md-6\">\n\n                                    <div class=\"elementskit-post-image-card\">\n                        <div class=\"elementskit-entry-header\">\n                                                            <a href=\"https:\/\/essentiabusiness.com\/?p=5903\" class=\"elementskit-entry-thumb\">\n                                    <img decoding=\"async\" src=\"https:\/\/essentiabusiness.com\/wp-content\/uploads\/2026\/03\/licensed-image-1024x768.jpeg\" alt=\"O Futuro \u00e9 Renov\u00e1vel: Por que a Energia Solar \u00e9 um Investimento Estrat\u00e9gico\">\n                                <\/a><!-- .elementskit-entry-thumb END -->\n                                                            \n                            \n\t\t\t\t\t\t\t\t\t\t\t\t\t<\/div><!-- .elementskit-entry-header END -->\n\n\t\t\t\t\t\t<div class=\"elementskit-post-body \">\n\t\t\t\t\t\t\t\n\t\t\t\t\t\t\t\t\t\t\t\t\t\t\t\t\t\t\t\t\t\t\t\t\t\t\t\t\t\t\n\t\t\t\t\t\t\t\t\n\t\t\t\t\t\t\t\t\t\t\t\t\t\t\t\t\t\t\t\t\t<h2 class=\"entry-title\">\n\t\t\t\t\t<a href=\"https:\/\/essentiabusiness.com\/?p=5903\">\n\t\t\t\t\t\tO Futuro \u00e9 Renov\u00e1vel: Por que a Energia Solar \u00e9 um Investimento Estrat\u00e9gico\t\t\t\t\t<\/a>\n\t\t\t\t<\/h2>\n\t\t\t\t\t\t\t\t\t\t\t\t\t\t\t\t\t\t\t\t\t\t\t\t\t\t\t\t\t\t\t\t\t\t\t\t\t\t\t\t\t\t<p>No cen\u00e1rio econ\u00f4mico atual, a busca por efici\u00eancia operacional n\u00e3o \u00e9 mais apenas uma escolha, mas uma quest\u00e3o de sobreviv\u00eancia e competitividade. Entre as diversas vari\u00e1veis que comp\u00f5em os custos fixos de uma grande organiza\u00e7\u00e3o ou de uma fazenda de alto desempenho, a energia el\u00e9trica costuma ocupar o topo da lista. \u00c9 nesse contexto que [&hellip;]<\/p>\n\t\t\t\t\t\t\t\t\t\t\t\t\t\t\t\t\t\t\t\t\t\t                                                            <div class=\"btn-wraper\">\n                                    \n                                                                            <a class=\"elementskit-btn whitespace--normal\" id=\"\" href=\"https:\/\/essentiabusiness.com\/?p=5903\">\n                                        \t                                            Leia Mais                                        <\/a>\n                                                                    <\/div>\n                                                    <\/div><!-- .elementskit-post-body END -->\n                    <\/div>\n                \n            <\/div>\n                <\/div>\n       <\/div>\t\t\t\t<\/div>\n\t\t\t\t<\/div>\n\t\t\t\t<\/div>\n\t\t","protected":false},"excerpt":{"rendered":"<p>10 Secrets About 10 Simple Steps for Blogs. As a app web crawler expert, help organizations adjust to the of the internet promoting. Far away, behind the word. Leia Mais Why You\u2019ll Never Succeed at 7 Habits. As a app web crawler expert, help organizations adjust to the of the internet promoting. Far away, behind [&hellip;]<\/p>\n","protected":false},"author":1,"featured_media":0,"parent":0,"menu_order":0,"comment_status":"closed","ping_status":"closed","template":"elementor_header_footer","meta":{"_acf_changed":false,"inline_featured_image":false,"footnotes":""},"class_list":["post-132","page","type-page","status-publish","hentry"],"acf":[],"aioseo_notices":[],"_links":{"self":[{"href":"https:\/\/essentiabusiness.com\/index.php?rest_route=\/wp\/v2\/pages\/132","targetHints":{"allow":["GET"]}}],"collection":[{"href":"https:\/\/essentiabusiness.com\/index.php?rest_route=\/wp\/v2\/pages"}],"about":[{"href":"https:\/\/essentiabusiness.com\/index.php?rest_route=\/wp\/v2\/types\/page"}],"author":[{"embeddable":true,"href":"https:\/\/essentiabusiness.com\/index.php?rest_route=\/wp\/v2\/users\/1"}],"replies":[{"embeddable":true,"href":"https:\/\/essentiabusiness.com\/index.php?rest_route=%2Fwp%2Fv2%2Fcomments&post=132"}],"version-history":[{"count":7,"href":"https:\/\/essentiabusiness.com\/index.php?rest_route=\/wp\/v2\/pages\/132\/revisions"}],"predecessor-version":[{"id":5867,"href":"https:\/\/essentiabusiness.com\/index.php?rest_route=\/wp\/v2\/pages\/132\/revisions\/5867"}],"wp:attachment":[{"href":"https:\/\/essentiabusiness.com\/index.php?rest_route=%2Fwp%2Fv2%2Fmedia&parent=132"}],"curies":[{"name":"wp","href":"https:\/\/api.w.org\/{rel}","templated":true}]}}